{"id":93,"date":"2020-02-04T11:31:16","date_gmt":"2020-02-04T09:31:16","guid":{"rendered":"http:\/\/testi.koiratuotteet.fi\/?page_id=93"},"modified":"2026-01-14T16:26:59","modified_gmt":"2026-01-14T14:26:59","slug":"esittely","status":"publish","type":"page","link":"https:\/\/www.alavudenmetsastysseura.fi\/?page_id=93","title":{"rendered":"Esittely"},"content":{"rendered":"<div class=\"wp-block-image is-style-default\">\n<figure class=\"alignright size-large is-resized\"><img loading=\"lazy\" decoding=\"async\" width=\"749\" height=\"733\" src=\"https:\/\/www.alavudenmetsastysseura.fi\/wp-content\/uploads\/2020\/03\/Logo-ry_ilmantaustaa.png\" alt=\"Alavuden mets\u00e4stysseura ry\" class=\"wp-image-424\" style=\"width:137px;height:137px\" srcset=\"https:\/\/www.alavudenmetsastysseura.fi\/wp-content\/uploads\/2020\/03\/Logo-ry_ilmantaustaa.png 749w, https:\/\/www.alavudenmetsastysseura.fi\/wp-content\/uploads\/2020\/03\/Logo-ry_ilmantaustaa-300x294.png 300w\" sizes=\"auto, (max-width: 706px) 89vw, (max-width: 767px) 82vw, 740px\" \/><\/figure>\n<\/div>\n\n\n<div class=\"wp-block-group\"><div class=\"wp-block-group__inner-container is-layout-flow wp-block-group-is-layout-flow\">\n<p>Alavuden mets\u00e4stysseura on perustettu 1946.<\/p>\n\n\n\n<p>Seuralla on mets\u00e4stysaluetta Alavuden keskustaajaman ymp\u00e4rill\u00e4 n. 7600 ha. <\/p>\n\n\n\n<p>Seurassa on t\u00e4ll\u00e4 hetkell\u00e4 212 j\u00e4sent\u00e4.<\/p>\n<\/div><\/div>\n\n\n\n<h5 class=\"wp-block-heading\">Seuran johtokunta:<\/h5>\n\n\n\n<p>Mikko Vehni\u00e4<br>Jari Reinikka<br>Sami Alajoki<br>Mauri Rapo<br>Jarmo Kurki<br>Mauri Anttila<br>Antti J\u00e4rvinen <\/p>\n\n\n\n<h5 class=\"wp-block-heading\">Varaj\u00e4senet:<\/h5>\n\n\n\n<p>Antti-Jussi M\u00e4kynen<br>Roope Vehni\u00e4<br>Matti Reinikka <\/p>\n\n\n\n<h5 class=\"wp-block-heading\"><strong>Mets\u00e4stysmajan majais\u00e4nt\u00e4:<\/strong><\/h5>\n\n\n\n<p>Jari Reinikka 0400-868755<\/p>\n\n\n\n<iframe loading=\"lazy\" src=\"https:\/\/www.google.com\/maps\/d\/embed?mid=1yUB5OoevMlYA1cAZlpp8BhaxUFY&amp;hl=fi\" width=\"640\" height=\"480\"><\/iframe>\n","protected":false},"excerpt":{"rendered":"<p>Alavuden mets\u00e4stysseura on perustettu 1946. Seuralla on mets\u00e4stysaluetta Alavuden keskustaajaman ymp\u00e4rill\u00e4 n. 7600 ha. Seurassa on t\u00e4ll\u00e4 hetkell\u00e4 212 j\u00e4sent\u00e4. Seuran johtokunta: Mikko Vehni\u00e4Jari ReinikkaSami AlajokiMauri RapoJarmo KurkiMauri AnttilaAntti J\u00e4rvinen Varaj\u00e4senet: Antti-Jussi M\u00e4kynenRoope Vehni\u00e4Matti Reinikka Mets\u00e4stysmajan majais\u00e4nt\u00e4: Jari Reinikka 0400-868755<\/p>\n","protected":false},"author":2,"featured_media":0,"parent":0,"menu_order":0,"comment_status":"closed","ping_status":"closed","template":"","meta":{"footnotes":""},"class_list":["post-93","page","type-page","status-publish","hentry"],"yoast_head":"<!-- This site is optimized with the Yoast SEO plugin v26.9 - https:\/\/yoast.com\/product\/yoast-seo-wordpress\/ -->\n<title>Alavuden Mets\u00e4stysseura - Esittely - Alavuden Mets\u00e4stysseura<\/title>\n<meta name=\"description\" content=\"Alavuden mets\u00e4stysseura ry. Riistanhoitoa ja mets\u00e4styst\u00e4 vuodesta 1946. Tervetuloa Alavuden mets\u00e4stysseuran kotisivuille.\" \/>\n<meta name=\"robots\" content=\"index, follow, max-snippet:-1, max-image-preview:large, max-video-preview:-1\" \/>\n<link rel=\"canonical\" href=\"https:\/\/www.alavudenmetsastysseura.fi\/?page_id=93\" \/>\n<meta property=\"og:locale\" content=\"fi_FI\" \/>\n<meta property=\"og:type\" content=\"article\" \/>\n<meta property=\"og:title\" content=\"Alavuden Mets\u00e4stysseura - Esittely - Alavuden Mets\u00e4stysseura\" \/>\n<meta property=\"og:description\" content=\"Alavuden mets\u00e4stysseura ry. Riistanhoitoa ja mets\u00e4styst\u00e4 vuodesta 1946. Tervetuloa Alavuden mets\u00e4stysseuran kotisivuille.\" \/>\n<meta property=\"og:url\" content=\"https:\/\/www.alavudenmetsastysseura.fi\/?page_id=93\" \/>\n<meta property=\"og:site_name\" content=\"Alavuden Mets\u00e4stysseura\" \/>\n<meta property=\"article:modified_time\" content=\"2026-01-14T14:26:59+00:00\" \/>\n<meta property=\"og:image\" content=\"https:\/\/www.alavudenmetsastysseura.fi\/wp-content\/uploads\/2020\/03\/Logo-ry_ilmantaustaa.png\" \/>\n\t<meta property=\"og:image:width\" content=\"749\" \/>\n\t<meta property=\"og:image:height\" content=\"733\" \/>\n\t<meta property=\"og:image:type\" content=\"image\/png\" \/>\n<meta name=\"twitter:card\" content=\"summary_large_image\" \/>\n<meta name=\"twitter:label1\" content=\"Arvioitu lukuaika\" \/>\n\t<meta name=\"twitter:data1\" content=\"1 minuutti\" \/>\n<script type=\"application\/ld+json\" class=\"yoast-schema-graph\">{\"@context\":\"https:\/\/schema.org\",\"@graph\":[{\"@type\":\"WebPage\",\"@id\":\"https:\/\/www.alavudenmetsastysseura.fi\/?page_id=93\",\"url\":\"https:\/\/www.alavudenmetsastysseura.fi\/?page_id=93\",\"name\":\"Alavuden Mets\u00e4stysseura - Esittely - Alavuden Mets\u00e4stysseura\",\"isPartOf\":{\"@id\":\"https:\/\/www.alavudenmetsastysseura.fi\/#website\"},\"primaryImageOfPage\":{\"@id\":\"https:\/\/www.alavudenmetsastysseura.fi\/?page_id=93#primaryimage\"},\"image\":{\"@id\":\"https:\/\/www.alavudenmetsastysseura.fi\/?page_id=93#primaryimage\"},\"thumbnailUrl\":\"https:\/\/www.alavudenmetsastysseura.fi\/wp-content\/uploads\/2020\/03\/Logo-ry_ilmantaustaa.png\",\"datePublished\":\"2020-02-04T09:31:16+00:00\",\"dateModified\":\"2026-01-14T14:26:59+00:00\",\"description\":\"Alavuden mets\u00e4stysseura ry. Riistanhoitoa ja mets\u00e4styst\u00e4 vuodesta 1946. Tervetuloa Alavuden mets\u00e4stysseuran kotisivuille.\",\"breadcrumb\":{\"@id\":\"https:\/\/www.alavudenmetsastysseura.fi\/?page_id=93#breadcrumb\"},\"inLanguage\":\"fi\",\"potentialAction\":[{\"@type\":\"ReadAction\",\"target\":[\"https:\/\/www.alavudenmetsastysseura.fi\/?page_id=93\"]}]},{\"@type\":\"ImageObject\",\"inLanguage\":\"fi\",\"@id\":\"https:\/\/www.alavudenmetsastysseura.fi\/?page_id=93#primaryimage\",\"url\":\"https:\/\/www.alavudenmetsastysseura.fi\/wp-content\/uploads\/2020\/03\/Logo-ry_ilmantaustaa.png\",\"contentUrl\":\"https:\/\/www.alavudenmetsastysseura.fi\/wp-content\/uploads\/2020\/03\/Logo-ry_ilmantaustaa.png\",\"width\":749,\"height\":733,\"caption\":\"Alavuden mets\u00e4stysseura ry\"},{\"@type\":\"BreadcrumbList\",\"@id\":\"https:\/\/www.alavudenmetsastysseura.fi\/?page_id=93#breadcrumb\",\"itemListElement\":[{\"@type\":\"ListItem\",\"position\":1,\"name\":\"Home\",\"item\":\"https:\/\/www.alavudenmetsastysseura.fi\/\"},{\"@type\":\"ListItem\",\"position\":2,\"name\":\"Esittely\"}]},{\"@type\":\"WebSite\",\"@id\":\"https:\/\/www.alavudenmetsastysseura.fi\/#website\",\"url\":\"https:\/\/www.alavudenmetsastysseura.fi\/\",\"name\":\"Alavuden Mets\u00e4stysseura\",\"description\":\"Riistanhoitoa ja mets\u00e4styst\u00e4 vuodesta 1946\",\"potentialAction\":[{\"@type\":\"SearchAction\",\"target\":{\"@type\":\"EntryPoint\",\"urlTemplate\":\"https:\/\/www.alavudenmetsastysseura.fi\/?s={search_term_string}\"},\"query-input\":{\"@type\":\"PropertyValueSpecification\",\"valueRequired\":true,\"valueName\":\"search_term_string\"}}],\"inLanguage\":\"fi\"}]}<\/script>\n<!-- \/ Yoast SEO plugin. -->","yoast_head_json":{"title":"Alavuden Mets\u00e4stysseura - Esittely - Alavuden Mets\u00e4stysseura","description":"Alavuden mets\u00e4stysseura ry. Riistanhoitoa ja mets\u00e4styst\u00e4 vuodesta 1946. Tervetuloa Alavuden mets\u00e4stysseuran kotisivuille.","robots":{"index":"index","follow":"follow","max-snippet":"max-snippet:-1","max-image-preview":"max-image-preview:large","max-video-preview":"max-video-preview:-1"},"canonical":"https:\/\/www.alavudenmetsastysseura.fi\/?page_id=93","og_locale":"fi_FI","og_type":"article","og_title":"Alavuden Mets\u00e4stysseura - Esittely - Alavuden Mets\u00e4stysseura","og_description":"Alavuden mets\u00e4stysseura ry. Riistanhoitoa ja mets\u00e4styst\u00e4 vuodesta 1946. Tervetuloa Alavuden mets\u00e4stysseuran kotisivuille.","og_url":"https:\/\/www.alavudenmetsastysseura.fi\/?page_id=93","og_site_name":"Alavuden Mets\u00e4stysseura","article_modified_time":"2026-01-14T14:26:59+00:00","og_image":[{"width":749,"height":733,"url":"https:\/\/www.alavudenmetsastysseura.fi\/wp-content\/uploads\/2020\/03\/Logo-ry_ilmantaustaa.png","type":"image\/png"}],"twitter_card":"summary_large_image","twitter_misc":{"Arvioitu lukuaika":"1 minuutti"},"schema":{"@context":"https:\/\/schema.org","@graph":[{"@type":"WebPage","@id":"https:\/\/www.alavudenmetsastysseura.fi\/?page_id=93","url":"https:\/\/www.alavudenmetsastysseura.fi\/?page_id=93","name":"Alavuden Mets\u00e4stysseura - Esittely - Alavuden Mets\u00e4stysseura","isPartOf":{"@id":"https:\/\/www.alavudenmetsastysseura.fi\/#website"},"primaryImageOfPage":{"@id":"https:\/\/www.alavudenmetsastysseura.fi\/?page_id=93#primaryimage"},"image":{"@id":"https:\/\/www.alavudenmetsastysseura.fi\/?page_id=93#primaryimage"},"thumbnailUrl":"https:\/\/www.alavudenmetsastysseura.fi\/wp-content\/uploads\/2020\/03\/Logo-ry_ilmantaustaa.png","datePublished":"2020-02-04T09:31:16+00:00","dateModified":"2026-01-14T14:26:59+00:00","description":"Alavuden mets\u00e4stysseura ry. Riistanhoitoa ja mets\u00e4styst\u00e4 vuodesta 1946. Tervetuloa Alavuden mets\u00e4stysseuran kotisivuille.","breadcrumb":{"@id":"https:\/\/www.alavudenmetsastysseura.fi\/?page_id=93#breadcrumb"},"inLanguage":"fi","potentialAction":[{"@type":"ReadAction","target":["https:\/\/www.alavudenmetsastysseura.fi\/?page_id=93"]}]},{"@type":"ImageObject","inLanguage":"fi","@id":"https:\/\/www.alavudenmetsastysseura.fi\/?page_id=93#primaryimage","url":"https:\/\/www.alavudenmetsastysseura.fi\/wp-content\/uploads\/2020\/03\/Logo-ry_ilmantaustaa.png","contentUrl":"https:\/\/www.alavudenmetsastysseura.fi\/wp-content\/uploads\/2020\/03\/Logo-ry_ilmantaustaa.png","width":749,"height":733,"caption":"Alavuden mets\u00e4stysseura ry"},{"@type":"BreadcrumbList","@id":"https:\/\/www.alavudenmetsastysseura.fi\/?page_id=93#breadcrumb","itemListElement":[{"@type":"ListItem","position":1,"name":"Home","item":"https:\/\/www.alavudenmetsastysseura.fi\/"},{"@type":"ListItem","position":2,"name":"Esittely"}]},{"@type":"WebSite","@id":"https:\/\/www.alavudenmetsastysseura.fi\/#website","url":"https:\/\/www.alavudenmetsastysseura.fi\/","name":"Alavuden Mets\u00e4stysseura","description":"Riistanhoitoa ja mets\u00e4styst\u00e4 vuodesta 1946","potentialAction":[{"@type":"SearchAction","target":{"@type":"EntryPoint","urlTemplate":"https:\/\/www.alavudenmetsastysseura.fi\/?s={search_term_string}"},"query-input":{"@type":"PropertyValueSpecification","valueRequired":true,"valueName":"search_term_string"}}],"inLanguage":"fi"}]}},"_links":{"self":[{"href":"https:\/\/www.alavudenmetsastysseura.fi\/index.php?rest_route=\/wp\/v2\/pages\/93","targetHints":{"allow":["GET"]}}],"collection":[{"href":"https:\/\/www.alavudenmetsastysseura.fi\/index.php?rest_route=\/wp\/v2\/pages"}],"about":[{"href":"https:\/\/www.alavudenmetsastysseura.fi\/index.php?rest_route=\/wp\/v2\/types\/page"}],"author":[{"embeddable":true,"href":"https:\/\/www.alavudenmetsastysseura.fi\/index.php?rest_route=\/wp\/v2\/users\/2"}],"replies":[{"embeddable":true,"href":"https:\/\/www.alavudenmetsastysseura.fi\/index.php?rest_route=%2Fwp%2Fv2%2Fcomments&post=93"}],"version-history":[{"count":22,"href":"https:\/\/www.alavudenmetsastysseura.fi\/index.php?rest_route=\/wp\/v2\/pages\/93\/revisions"}],"predecessor-version":[{"id":1519,"href":"https:\/\/www.alavudenmetsastysseura.fi\/index.php?rest_route=\/wp\/v2\/pages\/93\/revisions\/1519"}],"wp:attachment":[{"href":"https:\/\/www.alavudenmetsastysseura.fi\/index.php?rest_route=%2Fwp%2Fv2%2Fmedia&parent=93"}],"curies":[{"name":"wp","href":"https:\/\/api.w.org\/{rel}","templated":true}]}}