{"id":79,"date":"2020-02-04T10:31:31","date_gmt":"2020-02-04T08:31:31","guid":{"rendered":"http:\/\/testi.koiratuotteet.fi\/?page_id=79"},"modified":"2020-02-05T20:08:54","modified_gmt":"2020-02-05T18:08:54","slug":"jaseneksi-seuraan","status":"publish","type":"page","link":"https:\/\/www.alavudenmetsastysseura.fi\/?page_id=79","title":{"rendered":"J\u00e4seneksi?"},"content":{"rendered":"\n<p>Alavuden mets\u00e4stysseura ry:n j\u00e4seneksi pyrkiv\u00e4t valitaan ensin koej\u00e4seniksi. Koej\u00e4senen tulee olla aktiivinen ja osallistua vuoden aikana erilaisiin seuran toimintoihin ja tutustua seuran k\u00e4yt\u00e4nt\u00f6ihin. J\u00e4senyytt\u00e4 anoneelle voidaan myyd\u00e4 koej\u00e4senen kausikortti. Vuoden kuluttua koej\u00e4senest\u00e4 voidaan tehd\u00e4 varsinainen j\u00e4sen, jolla on t\u00e4ydet mets\u00e4stysoikeudet seurassa. Koej\u00e4senell\u00e4 on mets\u00e4st\u00e4v\u00e4n j\u00e4senen oikeudet, paitsi ei hirviel\u00e4inten mets\u00e4stysoikeutta ja oikeutta tuoda vieraita vieraskortilla.<br><br>Mets\u00e4stysseuran uudet j\u00e4senet valitsee yleinen kokous johtokunnan esityksest\u00e4. Allekirjoitettu j\u00e4senanomus j\u00e4tet\u00e4\u00e4n johtokunnan j\u00e4senelle k\u00e4sittely\u00e4 varten.<\/p>\n\n\n\n<div class=\"wp-block-file\"><a href=\"https:\/\/www.alavudenmetsastysseura.fi\/wp-content\/uploads\/2020\/02\/metsastysseuran_jasenanomus.pdf\" target=\"_blank\" rel=\"noreferrer noopener\">Lataa j\u00e4senanomus t\u00e4st\u00e4<\/a><\/div>\n","protected":false},"excerpt":{"rendered":"<p>Alavuden mets\u00e4stysseura ry:n j\u00e4seneksi pyrkiv\u00e4t valitaan ensin koej\u00e4seniksi. Koej\u00e4senen tulee olla aktiivinen ja osallistua vuoden aikana erilaisiin seuran toimintoihin ja tutustua seuran k\u00e4yt\u00e4nt\u00f6ihin. J\u00e4senyytt\u00e4 anoneelle voidaan myyd\u00e4 koej\u00e4senen kausikortti. Vuoden kuluttua koej\u00e4senest\u00e4 voidaan tehd\u00e4 varsinainen j\u00e4sen, jolla on t\u00e4ydet mets\u00e4stysoikeudet seurassa. Koej\u00e4senell\u00e4 on mets\u00e4st\u00e4v\u00e4n j\u00e4senen oikeudet, paitsi ei hirviel\u00e4inten mets\u00e4stysoikeutta ja oikeutta tuoda vieraita vieraskortilla. &hellip; <\/p>\n<p class=\"link-more\"><a href=\"https:\/\/www.alavudenmetsastysseura.fi\/?page_id=79\" class=\"more-link\">Jatka lukemista<span class=\"screen-reader-text\"> &#8221;J\u00e4seneksi?&#8221;<\/span><\/a><\/p>\n","protected":false},"author":2,"featured_media":0,"parent":0,"menu_order":0,"comment_status":"closed","ping_status":"closed","template":"","meta":{"footnotes":""},"class_list":["post-79","page","type-page","status-publish","hentry"],"yoast_head":"<!-- This site is optimized with the Yoast SEO plugin v26.9 - https:\/\/yoast.com\/product\/yoast-seo-wordpress\/ -->\n<title>J\u00e4seneksi? - Alavuden Mets\u00e4stysseura - Hae j\u00e4seneksi!<\/title>\n<meta name=\"description\" content=\"Alavuden mets\u00e4stysseura. Riistanhoitoa ja mets\u00e4styst\u00e4 vuodesta 1946. Tervetuloa Alavuden mets\u00e4stysseuran kotisivuille. Hae j\u00e4seneksi.\" \/>\n<meta name=\"robots\" content=\"index, follow, max-snippet:-1, max-image-preview:large, max-video-preview:-1\" \/>\n<link rel=\"canonical\" href=\"https:\/\/www.alavudenmetsastysseura.fi\/?page_id=79\" \/>\n<meta property=\"og:locale\" content=\"fi_FI\" \/>\n<meta property=\"og:type\" content=\"article\" \/>\n<meta property=\"og:title\" content=\"J\u00e4seneksi? - Alavuden Mets\u00e4stysseura - Hae j\u00e4seneksi!\" \/>\n<meta property=\"og:description\" content=\"Alavuden mets\u00e4stysseura. Riistanhoitoa ja mets\u00e4styst\u00e4 vuodesta 1946. Tervetuloa Alavuden mets\u00e4stysseuran kotisivuille. Hae j\u00e4seneksi.\" \/>\n<meta property=\"og:url\" content=\"https:\/\/www.alavudenmetsastysseura.fi\/?page_id=79\" \/>\n<meta property=\"og:site_name\" content=\"Alavuden Mets\u00e4stysseura\" \/>\n<meta property=\"article:modified_time\" content=\"2020-02-05T18:08:54+00:00\" \/>\n<meta name=\"twitter:card\" content=\"summary_large_image\" \/>\n<meta name=\"twitter:label1\" content=\"Arvioitu lukuaika\" \/>\n\t<meta name=\"twitter:data1\" content=\"1 minuutti\" \/>\n<script type=\"application\/ld+json\" class=\"yoast-schema-graph\">{\"@context\":\"https:\/\/schema.org\",\"@graph\":[{\"@type\":\"WebPage\",\"@id\":\"https:\/\/www.alavudenmetsastysseura.fi\/?page_id=79\",\"url\":\"https:\/\/www.alavudenmetsastysseura.fi\/?page_id=79\",\"name\":\"J\u00e4seneksi? - Alavuden Mets\u00e4stysseura - Hae j\u00e4seneksi!\",\"isPartOf\":{\"@id\":\"https:\/\/www.alavudenmetsastysseura.fi\/#website\"},\"datePublished\":\"2020-02-04T08:31:31+00:00\",\"dateModified\":\"2020-02-05T18:08:54+00:00\",\"description\":\"Alavuden mets\u00e4stysseura. Riistanhoitoa ja mets\u00e4styst\u00e4 vuodesta 1946. Tervetuloa Alavuden mets\u00e4stysseuran kotisivuille. Hae j\u00e4seneksi.\",\"breadcrumb\":{\"@id\":\"https:\/\/www.alavudenmetsastysseura.fi\/?page_id=79#breadcrumb\"},\"inLanguage\":\"fi\",\"potentialAction\":[{\"@type\":\"ReadAction\",\"target\":[\"https:\/\/www.alavudenmetsastysseura.fi\/?page_id=79\"]}]},{\"@type\":\"BreadcrumbList\",\"@id\":\"https:\/\/www.alavudenmetsastysseura.fi\/?page_id=79#breadcrumb\",\"itemListElement\":[{\"@type\":\"ListItem\",\"position\":1,\"name\":\"Home\",\"item\":\"https:\/\/www.alavudenmetsastysseura.fi\/\"},{\"@type\":\"ListItem\",\"position\":2,\"name\":\"J\u00e4seneksi?\"}]},{\"@type\":\"WebSite\",\"@id\":\"https:\/\/www.alavudenmetsastysseura.fi\/#website\",\"url\":\"https:\/\/www.alavudenmetsastysseura.fi\/\",\"name\":\"Alavuden Mets\u00e4stysseura\",\"description\":\"Riistanhoitoa ja mets\u00e4styst\u00e4 vuodesta 1946\",\"potentialAction\":[{\"@type\":\"SearchAction\",\"target\":{\"@type\":\"EntryPoint\",\"urlTemplate\":\"https:\/\/www.alavudenmetsastysseura.fi\/?s={search_term_string}\"},\"query-input\":{\"@type\":\"PropertyValueSpecification\",\"valueRequired\":true,\"valueName\":\"search_term_string\"}}],\"inLanguage\":\"fi\"}]}<\/script>\n<!-- \/ Yoast SEO plugin. -->","yoast_head_json":{"title":"J\u00e4seneksi? - Alavuden Mets\u00e4stysseura - Hae j\u00e4seneksi!","description":"Alavuden mets\u00e4stysseura. Riistanhoitoa ja mets\u00e4styst\u00e4 vuodesta 1946. Tervetuloa Alavuden mets\u00e4stysseuran kotisivuille. Hae j\u00e4seneksi.","robots":{"index":"index","follow":"follow","max-snippet":"max-snippet:-1","max-image-preview":"max-image-preview:large","max-video-preview":"max-video-preview:-1"},"canonical":"https:\/\/www.alavudenmetsastysseura.fi\/?page_id=79","og_locale":"fi_FI","og_type":"article","og_title":"J\u00e4seneksi? - Alavuden Mets\u00e4stysseura - Hae j\u00e4seneksi!","og_description":"Alavuden mets\u00e4stysseura. Riistanhoitoa ja mets\u00e4styst\u00e4 vuodesta 1946. Tervetuloa Alavuden mets\u00e4stysseuran kotisivuille. Hae j\u00e4seneksi.","og_url":"https:\/\/www.alavudenmetsastysseura.fi\/?page_id=79","og_site_name":"Alavuden Mets\u00e4stysseura","article_modified_time":"2020-02-05T18:08:54+00:00","twitter_card":"summary_large_image","twitter_misc":{"Arvioitu lukuaika":"1 minuutti"},"schema":{"@context":"https:\/\/schema.org","@graph":[{"@type":"WebPage","@id":"https:\/\/www.alavudenmetsastysseura.fi\/?page_id=79","url":"https:\/\/www.alavudenmetsastysseura.fi\/?page_id=79","name":"J\u00e4seneksi? - Alavuden Mets\u00e4stysseura - Hae j\u00e4seneksi!","isPartOf":{"@id":"https:\/\/www.alavudenmetsastysseura.fi\/#website"},"datePublished":"2020-02-04T08:31:31+00:00","dateModified":"2020-02-05T18:08:54+00:00","description":"Alavuden mets\u00e4stysseura. Riistanhoitoa ja mets\u00e4styst\u00e4 vuodesta 1946. Tervetuloa Alavuden mets\u00e4stysseuran kotisivuille. Hae j\u00e4seneksi.","breadcrumb":{"@id":"https:\/\/www.alavudenmetsastysseura.fi\/?page_id=79#breadcrumb"},"inLanguage":"fi","potentialAction":[{"@type":"ReadAction","target":["https:\/\/www.alavudenmetsastysseura.fi\/?page_id=79"]}]},{"@type":"BreadcrumbList","@id":"https:\/\/www.alavudenmetsastysseura.fi\/?page_id=79#breadcrumb","itemListElement":[{"@type":"ListItem","position":1,"name":"Home","item":"https:\/\/www.alavudenmetsastysseura.fi\/"},{"@type":"ListItem","position":2,"name":"J\u00e4seneksi?"}]},{"@type":"WebSite","@id":"https:\/\/www.alavudenmetsastysseura.fi\/#website","url":"https:\/\/www.alavudenmetsastysseura.fi\/","name":"Alavuden Mets\u00e4stysseura","description":"Riistanhoitoa ja mets\u00e4styst\u00e4 vuodesta 1946","potentialAction":[{"@type":"SearchAction","target":{"@type":"EntryPoint","urlTemplate":"https:\/\/www.alavudenmetsastysseura.fi\/?s={search_term_string}"},"query-input":{"@type":"PropertyValueSpecification","valueRequired":true,"valueName":"search_term_string"}}],"inLanguage":"fi"}]}},"_links":{"self":[{"href":"https:\/\/www.alavudenmetsastysseura.fi\/index.php?rest_route=\/wp\/v2\/pages\/79","targetHints":{"allow":["GET"]}}],"collection":[{"href":"https:\/\/www.alavudenmetsastysseura.fi\/index.php?rest_route=\/wp\/v2\/pages"}],"about":[{"href":"https:\/\/www.alavudenmetsastysseura.fi\/index.php?rest_route=\/wp\/v2\/types\/page"}],"author":[{"embeddable":true,"href":"https:\/\/www.alavudenmetsastysseura.fi\/index.php?rest_route=\/wp\/v2\/users\/2"}],"replies":[{"embeddable":true,"href":"https:\/\/www.alavudenmetsastysseura.fi\/index.php?rest_route=%2Fwp%2Fv2%2Fcomments&post=79"}],"version-history":[{"count":7,"href":"https:\/\/www.alavudenmetsastysseura.fi\/index.php?rest_route=\/wp\/v2\/pages\/79\/revisions"}],"predecessor-version":[{"id":379,"href":"https:\/\/www.alavudenmetsastysseura.fi\/index.php?rest_route=\/wp\/v2\/pages\/79\/revisions\/379"}],"wp:attachment":[{"href":"https:\/\/www.alavudenmetsastysseura.fi\/index.php?rest_route=%2Fwp%2Fv2%2Fmedia&parent=79"}],"curies":[{"name":"wp","href":"https:\/\/api.w.org\/{rel}","templated":true}]}}