{"id":70,"date":"2020-02-04T09:37:07","date_gmt":"2020-02-04T07:37:07","guid":{"rendered":"http:\/\/testi.koiratuotteet.fi\/?page_id=70"},"modified":"2025-01-03T12:00:00","modified_gmt":"2025-01-03T10:00:00","slug":"jasenille","status":"publish","type":"page","link":"https:\/\/www.alavudenmetsastysseura.fi\/?page_id=70","title":{"rendered":"J\u00e4senille"},"content":{"rendered":"\n<figure class=\"wp-block-table\"><table class=\"has-fixed-layout\"><tbody><tr><td class=\"has-text-align-center\" data-align=\"center\"><a href=\"https:\/\/www.alavudenmetsastysseura.fi\/?page_id=137\">Kiinti\u00f6t<\/a><\/td><td class=\"has-text-align-center\" data-align=\"center\"><a href=\"https:\/\/www.alavudenmetsastysseura.fi\/?page_id=163\">Maksut<\/a><\/td><\/tr><tr><td class=\"has-text-align-center\" data-align=\"center\"><a href=\"https:\/\/www.alavudenmetsastysseura.fi\/?page_id=200\">S\u00e4\u00e4nn\u00f6t<\/a><\/td><td class=\"has-text-align-center\" data-align=\"center\"><a href=\"https:\/\/www.alavudenmetsastysseura.fi\/?page_id=190\">Rauhoitusalueet<\/a><\/td><\/tr><tr><td class=\"has-text-align-center\" data-align=\"center\"> <a rel=\"noreferrer noopener\" href=\"https:\/\/riista.fi\/metsastys\/tapahtumahaku\/\" target=\"_blank\">Tapahtumat<\/a> <\/td><td class=\"has-text-align-center\" data-align=\"center\"><a href=\"https:\/\/www.alavudenmetsastysseura.fi\/?page_id=139\">P\u00f6yt\u00e4kirjat<\/a><\/td><\/tr><tr><td class=\"has-text-align-center\" data-align=\"center\"> <a rel=\"noreferrer noopener\" href=\"https:\/\/riista.fi\/metsastys\/metsastysajat\/\" target=\"_blank\">Mets\u00e4stysajat<\/a> <\/td><td class=\"has-text-align-center\" data-align=\"center\"><a href=\"http:\/\/www.alavus-toysarhy.fi\/?page_id=48\" target=\"_blank\" rel=\"noreferrer noopener\">Ratavaraukset ja toimintakalenteri<\/a><\/td><\/tr><tr><td class=\"has-text-align-center\" data-align=\"center\">  <a href=\"https:\/\/www.alavudenmetsastysseura.fi\/?page_id=211\">Riistapellot<\/a><\/td><td class=\"has-text-align-center\" data-align=\"center\"><a href=\"https:\/\/www.alavudenmetsastysseura.fi\/wp-content\/uploads\/2020\/02\/vuokrasopimuspohja_metsastysseura.pdf\" target=\"_blank\" rel=\"noreferrer noopener\" aria-label=\"Mets\u00e4stysvuokrasopimus (avautuu uudessa v\u00e4lilehdess\u00e4)\">Mets\u00e4stysvuokrasopimus<\/a><\/td><\/tr><\/tbody><\/table><\/figure>\n\n\n\n<p class=\"has-text-align-center\"><\/p>\n","protected":false},"excerpt":{"rendered":"<p>Kiinti\u00f6t Maksut S\u00e4\u00e4nn\u00f6t Rauhoitusalueet Tapahtumat P\u00f6yt\u00e4kirjat Mets\u00e4stysajat Ratavaraukset ja toimintakalenteri Riistapellot Mets\u00e4stysvuokrasopimus<\/p>\n","protected":false},"author":2,"featured_media":0,"parent":0,"menu_order":0,"comment_status":"closed","ping_status":"closed","template":"","meta":{"footnotes":""},"class_list":["post-70","page","type-page","status-publish","hentry"],"yoast_head":"<!-- This site is optimized with the Yoast SEO plugin v26.9 - https:\/\/yoast.com\/product\/yoast-seo-wordpress\/ -->\n<title>Alavuden Mets\u00e4stysseura - J\u00e4senille - Alavuden Mets\u00e4stysseura<\/title>\n<meta name=\"description\" content=\"Alavuden mets\u00e4stysseura. Riistanhoitoa ja mets\u00e4styst\u00e4 vuodesta 1946. Tervetuloa Alavuden mets\u00e4stysseuran kotisivuille. Alavuden mets\u00e4stysseuran j\u00e4senille.\" \/>\n<meta name=\"robots\" content=\"index, follow, max-snippet:-1, max-image-preview:large, max-video-preview:-1\" \/>\n<link rel=\"canonical\" href=\"https:\/\/www.alavudenmetsastysseura.fi\/?page_id=70\" \/>\n<meta property=\"og:locale\" content=\"fi_FI\" \/>\n<meta property=\"og:type\" content=\"article\" \/>\n<meta property=\"og:title\" content=\"Alavuden Mets\u00e4stysseura - J\u00e4senille - Alavuden Mets\u00e4stysseura\" \/>\n<meta property=\"og:description\" content=\"Alavuden mets\u00e4stysseura. Riistanhoitoa ja mets\u00e4styst\u00e4 vuodesta 1946. Tervetuloa Alavuden mets\u00e4stysseuran kotisivuille. Alavuden mets\u00e4stysseuran j\u00e4senille.\" \/>\n<meta property=\"og:url\" content=\"https:\/\/www.alavudenmetsastysseura.fi\/?page_id=70\" \/>\n<meta property=\"og:site_name\" content=\"Alavuden Mets\u00e4stysseura\" \/>\n<meta property=\"article:modified_time\" content=\"2025-01-03T10:00:00+00:00\" \/>\n<meta name=\"twitter:card\" content=\"summary_large_image\" \/>\n<meta name=\"twitter:label1\" content=\"Arvioitu lukuaika\" \/>\n\t<meta name=\"twitter:data1\" content=\"1 minuutti\" \/>\n<script type=\"application\/ld+json\" class=\"yoast-schema-graph\">{\"@context\":\"https:\/\/schema.org\",\"@graph\":[{\"@type\":\"WebPage\",\"@id\":\"https:\/\/www.alavudenmetsastysseura.fi\/?page_id=70\",\"url\":\"https:\/\/www.alavudenmetsastysseura.fi\/?page_id=70\",\"name\":\"Alavuden Mets\u00e4stysseura - J\u00e4senille - Alavuden Mets\u00e4stysseura\",\"isPartOf\":{\"@id\":\"https:\/\/www.alavudenmetsastysseura.fi\/#website\"},\"datePublished\":\"2020-02-04T07:37:07+00:00\",\"dateModified\":\"2025-01-03T10:00:00+00:00\",\"description\":\"Alavuden mets\u00e4stysseura. Riistanhoitoa ja mets\u00e4styst\u00e4 vuodesta 1946. Tervetuloa Alavuden mets\u00e4stysseuran kotisivuille. Alavuden mets\u00e4stysseuran j\u00e4senille.\",\"breadcrumb\":{\"@id\":\"https:\/\/www.alavudenmetsastysseura.fi\/?page_id=70#breadcrumb\"},\"inLanguage\":\"fi\",\"potentialAction\":[{\"@type\":\"ReadAction\",\"target\":[\"https:\/\/www.alavudenmetsastysseura.fi\/?page_id=70\"]}]},{\"@type\":\"BreadcrumbList\",\"@id\":\"https:\/\/www.alavudenmetsastysseura.fi\/?page_id=70#breadcrumb\",\"itemListElement\":[{\"@type\":\"ListItem\",\"position\":1,\"name\":\"Home\",\"item\":\"https:\/\/www.alavudenmetsastysseura.fi\/\"},{\"@type\":\"ListItem\",\"position\":2,\"name\":\"J\u00e4senille\"}]},{\"@type\":\"WebSite\",\"@id\":\"https:\/\/www.alavudenmetsastysseura.fi\/#website\",\"url\":\"https:\/\/www.alavudenmetsastysseura.fi\/\",\"name\":\"Alavuden Mets\u00e4stysseura\",\"description\":\"Riistanhoitoa ja mets\u00e4styst\u00e4 vuodesta 1946\",\"potentialAction\":[{\"@type\":\"SearchAction\",\"target\":{\"@type\":\"EntryPoint\",\"urlTemplate\":\"https:\/\/www.alavudenmetsastysseura.fi\/?s={search_term_string}\"},\"query-input\":{\"@type\":\"PropertyValueSpecification\",\"valueRequired\":true,\"valueName\":\"search_term_string\"}}],\"inLanguage\":\"fi\"}]}<\/script>\n<!-- \/ Yoast SEO plugin. -->","yoast_head_json":{"title":"Alavuden Mets\u00e4stysseura - J\u00e4senille - Alavuden Mets\u00e4stysseura","description":"Alavuden mets\u00e4stysseura. Riistanhoitoa ja mets\u00e4styst\u00e4 vuodesta 1946. Tervetuloa Alavuden mets\u00e4stysseuran kotisivuille. Alavuden mets\u00e4stysseuran j\u00e4senille.","robots":{"index":"index","follow":"follow","max-snippet":"max-snippet:-1","max-image-preview":"max-image-preview:large","max-video-preview":"max-video-preview:-1"},"canonical":"https:\/\/www.alavudenmetsastysseura.fi\/?page_id=70","og_locale":"fi_FI","og_type":"article","og_title":"Alavuden Mets\u00e4stysseura - J\u00e4senille - Alavuden Mets\u00e4stysseura","og_description":"Alavuden mets\u00e4stysseura. Riistanhoitoa ja mets\u00e4styst\u00e4 vuodesta 1946. Tervetuloa Alavuden mets\u00e4stysseuran kotisivuille. Alavuden mets\u00e4stysseuran j\u00e4senille.","og_url":"https:\/\/www.alavudenmetsastysseura.fi\/?page_id=70","og_site_name":"Alavuden Mets\u00e4stysseura","article_modified_time":"2025-01-03T10:00:00+00:00","twitter_card":"summary_large_image","twitter_misc":{"Arvioitu lukuaika":"1 minuutti"},"schema":{"@context":"https:\/\/schema.org","@graph":[{"@type":"WebPage","@id":"https:\/\/www.alavudenmetsastysseura.fi\/?page_id=70","url":"https:\/\/www.alavudenmetsastysseura.fi\/?page_id=70","name":"Alavuden Mets\u00e4stysseura - J\u00e4senille - Alavuden Mets\u00e4stysseura","isPartOf":{"@id":"https:\/\/www.alavudenmetsastysseura.fi\/#website"},"datePublished":"2020-02-04T07:37:07+00:00","dateModified":"2025-01-03T10:00:00+00:00","description":"Alavuden mets\u00e4stysseura. Riistanhoitoa ja mets\u00e4styst\u00e4 vuodesta 1946. Tervetuloa Alavuden mets\u00e4stysseuran kotisivuille. Alavuden mets\u00e4stysseuran j\u00e4senille.","breadcrumb":{"@id":"https:\/\/www.alavudenmetsastysseura.fi\/?page_id=70#breadcrumb"},"inLanguage":"fi","potentialAction":[{"@type":"ReadAction","target":["https:\/\/www.alavudenmetsastysseura.fi\/?page_id=70"]}]},{"@type":"BreadcrumbList","@id":"https:\/\/www.alavudenmetsastysseura.fi\/?page_id=70#breadcrumb","itemListElement":[{"@type":"ListItem","position":1,"name":"Home","item":"https:\/\/www.alavudenmetsastysseura.fi\/"},{"@type":"ListItem","position":2,"name":"J\u00e4senille"}]},{"@type":"WebSite","@id":"https:\/\/www.alavudenmetsastysseura.fi\/#website","url":"https:\/\/www.alavudenmetsastysseura.fi\/","name":"Alavuden Mets\u00e4stysseura","description":"Riistanhoitoa ja mets\u00e4styst\u00e4 vuodesta 1946","potentialAction":[{"@type":"SearchAction","target":{"@type":"EntryPoint","urlTemplate":"https:\/\/www.alavudenmetsastysseura.fi\/?s={search_term_string}"},"query-input":{"@type":"PropertyValueSpecification","valueRequired":true,"valueName":"search_term_string"}}],"inLanguage":"fi"}]}},"_links":{"self":[{"href":"https:\/\/www.alavudenmetsastysseura.fi\/index.php?rest_route=\/wp\/v2\/pages\/70","targetHints":{"allow":["GET"]}}],"collection":[{"href":"https:\/\/www.alavudenmetsastysseura.fi\/index.php?rest_route=\/wp\/v2\/pages"}],"about":[{"href":"https:\/\/www.alavudenmetsastysseura.fi\/index.php?rest_route=\/wp\/v2\/types\/page"}],"author":[{"embeddable":true,"href":"https:\/\/www.alavudenmetsastysseura.fi\/index.php?rest_route=\/wp\/v2\/users\/2"}],"replies":[{"embeddable":true,"href":"https:\/\/www.alavudenmetsastysseura.fi\/index.php?rest_route=%2Fwp%2Fv2%2Fcomments&post=70"}],"version-history":[{"count":54,"href":"https:\/\/www.alavudenmetsastysseura.fi\/index.php?rest_route=\/wp\/v2\/pages\/70\/revisions"}],"predecessor-version":[{"id":1336,"href":"https:\/\/www.alavudenmetsastysseura.fi\/index.php?rest_route=\/wp\/v2\/pages\/70\/revisions\/1336"}],"wp:attachment":[{"href":"https:\/\/www.alavudenmetsastysseura.fi\/index.php?rest_route=%2Fwp%2Fv2%2Fmedia&parent=70"}],"curies":[{"name":"wp","href":"https:\/\/api.w.org\/{rel}","templated":true}]}}