{"id":190,"date":"2020-02-04T13:57:26","date_gmt":"2020-02-04T11:57:26","guid":{"rendered":"http:\/\/testi.koiratuotteet.fi\/?page_id=190"},"modified":"2025-08-07T16:23:16","modified_gmt":"2025-08-07T13:23:16","slug":"rauhoitusalueet","status":"publish","type":"page","link":"https:\/\/www.alavudenmetsastysseura.fi\/?page_id=190","title":{"rendered":"Rauhoitusalueet"},"content":{"rendered":"\n<h5 class=\"wp-block-heading\"><\/h5>\n\n\n\n<p><\/p>\n\n\n\n<p><strong>Alue 1:<\/strong><\/p>\n\n\n\n<p>Kuivasj\u00e4rvell\u00e4 osa sairaalanlahtea rauhoitettu.<\/p>\n\n\n\n<p>Kalliosaaren ja Isolahden lahdenper\u00e4n rauhoitusalue on purettu.<\/p>\n\n\n\n<p>Rauhoitusalueet ja mets\u00e4stys kielletty-alueet on merkitty maastoon.<\/p>\n\n\n\n<p><\/p>\n\n\n\n<h5 class=\"wp-block-heading\"><\/h5>\n\n\n\n<figure class=\"wp-block-image size-large\"><img loading=\"lazy\" decoding=\"async\" width=\"1024\" height=\"786\" src=\"https:\/\/www.alavudenmetsastysseura.fi\/wp-content\/uploads\/2020\/02\/rauhoitusalue-2_muokattu-1024x786.jpg\" alt=\"rauhoitusalueet\" class=\"wp-image-232\" srcset=\"https:\/\/www.alavudenmetsastysseura.fi\/wp-content\/uploads\/2020\/02\/rauhoitusalue-2_muokattu-1024x786.jpg 1024w, https:\/\/www.alavudenmetsastysseura.fi\/wp-content\/uploads\/2020\/02\/rauhoitusalue-2_muokattu-300x230.jpg 300w, https:\/\/www.alavudenmetsastysseura.fi\/wp-content\/uploads\/2020\/02\/rauhoitusalue-2_muokattu-768x589.jpg 768w, https:\/\/www.alavudenmetsastysseura.fi\/wp-content\/uploads\/2020\/02\/rauhoitusalue-2_muokattu.jpg 1075w\" sizes=\"auto, (max-width: 767px) 89vw, (max-width: 1000px) 54vw, (max-width: 1071px) 543px, 580px\" \/><\/figure>\n\n\n\n<p><strong> Alue 2:<\/strong><\/p>\n\n\n\n<p>Ponnenniemen alue Lapuanjoen K\u00e4rpp\u00e4koskelta asema-Tuuri tiet\u00e4 pitkin T\u00f6ys\u00e4njoen Jylh\u00e4nkoskelle siit\u00e4 jokea pitkin takaisin K\u00e4rpp\u00e4koskelle.<\/p>\n\n\n\n<p>Alueella sallittu seuruemets\u00e4stys, kytt\u00e4ysjahti ja pienpetomets\u00e4stys seuran j\u00e4senille maanomistajien luvalla. Kauris, rusakko ja pienpetojen yhteisjahdeista alueella on aina sovittava maanomistajien kanssa erikseen ennen jahtia.<\/p>\n\n\n\n<p><strong>Alue 3: <\/strong><\/p>\n\n\n\n<p>Kirkkoj\u00e4rvi rauhoitetaan sorsastukselta!<\/p>\n\n\n\n<p>Suositellaan, ettei kosteikkoalueilla sorsasteta (maanomistajien toivomus).<\/p>\n\n\n\n<p>Lis\u00e4ksi kaupungin yll\u00e4pit\u00e4m\u00e4t latupohjat lumen aikana suositellaan j\u00e4tett\u00e4v\u00e4ksi hiiht\u00e4jien k\u00e4ytt\u00f6\u00f6n ja eik\u00e4 niit\u00e4 k\u00e4ytett\u00e4isi hyv\u00e4ksi passilinjoina turvallisuussyist\u00e4. <\/p>\n\n\n\n<p><br><\/p>\n","protected":false},"excerpt":{"rendered":"<p>Alue 1: Kuivasj\u00e4rvell\u00e4 osa sairaalanlahtea rauhoitettu. Kalliosaaren ja Isolahden lahdenper\u00e4n rauhoitusalue on purettu. Rauhoitusalueet ja mets\u00e4stys kielletty-alueet on merkitty maastoon. Alue 2: Ponnenniemen alue Lapuanjoen K\u00e4rpp\u00e4koskelta asema-Tuuri tiet\u00e4 pitkin T\u00f6ys\u00e4njoen Jylh\u00e4nkoskelle siit\u00e4 jokea pitkin takaisin K\u00e4rpp\u00e4koskelle. Alueella sallittu seuruemets\u00e4stys, kytt\u00e4ysjahti ja pienpetomets\u00e4stys seuran j\u00e4senille maanomistajien luvalla. Kauris, rusakko ja pienpetojen yhteisjahdeista alueella on aina sovittava &hellip; <\/p>\n<p class=\"link-more\"><a href=\"https:\/\/www.alavudenmetsastysseura.fi\/?page_id=190\" class=\"more-link\">Jatka lukemista<span class=\"screen-reader-text\"> &#8221;Rauhoitusalueet&#8221;<\/span><\/a><\/p>\n","protected":false},"author":2,"featured_media":0,"parent":70,"menu_order":3,"comment_status":"closed","ping_status":"closed","template":"","meta":{"footnotes":""},"class_list":["post-190","page","type-page","status-publish","hentry"],"yoast_head":"<!-- This site is optimized with the Yoast SEO plugin v26.9 - https:\/\/yoast.com\/product\/yoast-seo-wordpress\/ -->\n<title>Rauhoitusalueet - Alavuden Mets\u00e4stysseura - Alavuden Mets\u00e4stysseura<\/title>\n<meta name=\"description\" content=\"Alavuden mets\u00e4stysseura. Riistanhoitoa ja mets\u00e4styst\u00e4 vuodesta 1946. Tervetuloa Alavuden mets\u00e4stysseuran kotisivuille. Rauhoitusalueet.\" \/>\n<meta name=\"robots\" content=\"index, follow, max-snippet:-1, max-image-preview:large, max-video-preview:-1\" \/>\n<link rel=\"canonical\" href=\"https:\/\/www.alavudenmetsastysseura.fi\/?page_id=190\" \/>\n<meta property=\"og:locale\" content=\"fi_FI\" \/>\n<meta property=\"og:type\" content=\"article\" \/>\n<meta property=\"og:title\" content=\"Rauhoitusalueet - Alavuden Mets\u00e4stysseura - Alavuden Mets\u00e4stysseura\" \/>\n<meta property=\"og:description\" content=\"Alavuden mets\u00e4stysseura. Riistanhoitoa ja mets\u00e4styst\u00e4 vuodesta 1946. Tervetuloa Alavuden mets\u00e4stysseuran kotisivuille. Rauhoitusalueet.\" \/>\n<meta property=\"og:url\" content=\"https:\/\/www.alavudenmetsastysseura.fi\/?page_id=190\" \/>\n<meta property=\"og:site_name\" content=\"Alavuden Mets\u00e4stysseura\" \/>\n<meta property=\"article:modified_time\" content=\"2025-08-07T13:23:16+00:00\" \/>\n<meta property=\"og:image\" content=\"https:\/\/www.alavudenmetsastysseura.fi\/wp-content\/uploads\/2020\/02\/rauhoitusalue-2_muokattu.jpg\" \/>\n\t<meta property=\"og:image:width\" content=\"1075\" \/>\n\t<meta property=\"og:image:height\" content=\"825\" \/>\n\t<meta property=\"og:image:type\" content=\"image\/jpeg\" \/>\n<meta name=\"twitter:card\" content=\"summary_large_image\" \/>\n<meta name=\"twitter:label1\" content=\"Arvioitu lukuaika\" \/>\n\t<meta name=\"twitter:data1\" content=\"1 minuutti\" \/>\n<script type=\"application\/ld+json\" class=\"yoast-schema-graph\">{\"@context\":\"https:\/\/schema.org\",\"@graph\":[{\"@type\":\"WebPage\",\"@id\":\"https:\/\/www.alavudenmetsastysseura.fi\/?page_id=190\",\"url\":\"https:\/\/www.alavudenmetsastysseura.fi\/?page_id=190\",\"name\":\"Rauhoitusalueet - Alavuden Mets\u00e4stysseura - Alavuden Mets\u00e4stysseura\",\"isPartOf\":{\"@id\":\"https:\/\/www.alavudenmetsastysseura.fi\/#website\"},\"primaryImageOfPage\":{\"@id\":\"https:\/\/www.alavudenmetsastysseura.fi\/?page_id=190#primaryimage\"},\"image\":{\"@id\":\"https:\/\/www.alavudenmetsastysseura.fi\/?page_id=190#primaryimage\"},\"thumbnailUrl\":\"https:\/\/www.alavudenmetsastysseura.fi\/wp-content\/uploads\/2020\/02\/rauhoitusalue-2_muokattu-1024x786.jpg\",\"datePublished\":\"2020-02-04T11:57:26+00:00\",\"dateModified\":\"2025-08-07T13:23:16+00:00\",\"description\":\"Alavuden mets\u00e4stysseura. Riistanhoitoa ja mets\u00e4styst\u00e4 vuodesta 1946. Tervetuloa Alavuden mets\u00e4stysseuran kotisivuille. Rauhoitusalueet.\",\"breadcrumb\":{\"@id\":\"https:\/\/www.alavudenmetsastysseura.fi\/?page_id=190#breadcrumb\"},\"inLanguage\":\"fi\",\"potentialAction\":[{\"@type\":\"ReadAction\",\"target\":[\"https:\/\/www.alavudenmetsastysseura.fi\/?page_id=190\"]}]},{\"@type\":\"ImageObject\",\"inLanguage\":\"fi\",\"@id\":\"https:\/\/www.alavudenmetsastysseura.fi\/?page_id=190#primaryimage\",\"url\":\"https:\/\/www.alavudenmetsastysseura.fi\/wp-content\/uploads\/2020\/02\/rauhoitusalue-2_muokattu.jpg\",\"contentUrl\":\"https:\/\/www.alavudenmetsastysseura.fi\/wp-content\/uploads\/2020\/02\/rauhoitusalue-2_muokattu.jpg\",\"width\":1075,\"height\":825},{\"@type\":\"BreadcrumbList\",\"@id\":\"https:\/\/www.alavudenmetsastysseura.fi\/?page_id=190#breadcrumb\",\"itemListElement\":[{\"@type\":\"ListItem\",\"position\":1,\"name\":\"Home\",\"item\":\"https:\/\/www.alavudenmetsastysseura.fi\/\"},{\"@type\":\"ListItem\",\"position\":2,\"name\":\"J\u00e4senille\",\"item\":\"https:\/\/www.alavudenmetsastysseura.fi\/?page_id=70\"},{\"@type\":\"ListItem\",\"position\":3,\"name\":\"Rauhoitusalueet\"}]},{\"@type\":\"WebSite\",\"@id\":\"https:\/\/www.alavudenmetsastysseura.fi\/#website\",\"url\":\"https:\/\/www.alavudenmetsastysseura.fi\/\",\"name\":\"Alavuden Mets\u00e4stysseura\",\"description\":\"Riistanhoitoa ja mets\u00e4styst\u00e4 vuodesta 1946\",\"potentialAction\":[{\"@type\":\"SearchAction\",\"target\":{\"@type\":\"EntryPoint\",\"urlTemplate\":\"https:\/\/www.alavudenmetsastysseura.fi\/?s={search_term_string}\"},\"query-input\":{\"@type\":\"PropertyValueSpecification\",\"valueRequired\":true,\"valueName\":\"search_term_string\"}}],\"inLanguage\":\"fi\"}]}<\/script>\n<!-- \/ Yoast SEO plugin. -->","yoast_head_json":{"title":"Rauhoitusalueet - Alavuden Mets\u00e4stysseura - Alavuden Mets\u00e4stysseura","description":"Alavuden mets\u00e4stysseura. Riistanhoitoa ja mets\u00e4styst\u00e4 vuodesta 1946. Tervetuloa Alavuden mets\u00e4stysseuran kotisivuille. Rauhoitusalueet.","robots":{"index":"index","follow":"follow","max-snippet":"max-snippet:-1","max-image-preview":"max-image-preview:large","max-video-preview":"max-video-preview:-1"},"canonical":"https:\/\/www.alavudenmetsastysseura.fi\/?page_id=190","og_locale":"fi_FI","og_type":"article","og_title":"Rauhoitusalueet - Alavuden Mets\u00e4stysseura - Alavuden Mets\u00e4stysseura","og_description":"Alavuden mets\u00e4stysseura. Riistanhoitoa ja mets\u00e4styst\u00e4 vuodesta 1946. Tervetuloa Alavuden mets\u00e4stysseuran kotisivuille. Rauhoitusalueet.","og_url":"https:\/\/www.alavudenmetsastysseura.fi\/?page_id=190","og_site_name":"Alavuden Mets\u00e4stysseura","article_modified_time":"2025-08-07T13:23:16+00:00","og_image":[{"width":1075,"height":825,"url":"https:\/\/www.alavudenmetsastysseura.fi\/wp-content\/uploads\/2020\/02\/rauhoitusalue-2_muokattu.jpg","type":"image\/jpeg"}],"twitter_card":"summary_large_image","twitter_misc":{"Arvioitu lukuaika":"1 minuutti"},"schema":{"@context":"https:\/\/schema.org","@graph":[{"@type":"WebPage","@id":"https:\/\/www.alavudenmetsastysseura.fi\/?page_id=190","url":"https:\/\/www.alavudenmetsastysseura.fi\/?page_id=190","name":"Rauhoitusalueet - Alavuden Mets\u00e4stysseura - Alavuden Mets\u00e4stysseura","isPartOf":{"@id":"https:\/\/www.alavudenmetsastysseura.fi\/#website"},"primaryImageOfPage":{"@id":"https:\/\/www.alavudenmetsastysseura.fi\/?page_id=190#primaryimage"},"image":{"@id":"https:\/\/www.alavudenmetsastysseura.fi\/?page_id=190#primaryimage"},"thumbnailUrl":"https:\/\/www.alavudenmetsastysseura.fi\/wp-content\/uploads\/2020\/02\/rauhoitusalue-2_muokattu-1024x786.jpg","datePublished":"2020-02-04T11:57:26+00:00","dateModified":"2025-08-07T13:23:16+00:00","description":"Alavuden mets\u00e4stysseura. Riistanhoitoa ja mets\u00e4styst\u00e4 vuodesta 1946. Tervetuloa Alavuden mets\u00e4stysseuran kotisivuille. Rauhoitusalueet.","breadcrumb":{"@id":"https:\/\/www.alavudenmetsastysseura.fi\/?page_id=190#breadcrumb"},"inLanguage":"fi","potentialAction":[{"@type":"ReadAction","target":["https:\/\/www.alavudenmetsastysseura.fi\/?page_id=190"]}]},{"@type":"ImageObject","inLanguage":"fi","@id":"https:\/\/www.alavudenmetsastysseura.fi\/?page_id=190#primaryimage","url":"https:\/\/www.alavudenmetsastysseura.fi\/wp-content\/uploads\/2020\/02\/rauhoitusalue-2_muokattu.jpg","contentUrl":"https:\/\/www.alavudenmetsastysseura.fi\/wp-content\/uploads\/2020\/02\/rauhoitusalue-2_muokattu.jpg","width":1075,"height":825},{"@type":"BreadcrumbList","@id":"https:\/\/www.alavudenmetsastysseura.fi\/?page_id=190#breadcrumb","itemListElement":[{"@type":"ListItem","position":1,"name":"Home","item":"https:\/\/www.alavudenmetsastysseura.fi\/"},{"@type":"ListItem","position":2,"name":"J\u00e4senille","item":"https:\/\/www.alavudenmetsastysseura.fi\/?page_id=70"},{"@type":"ListItem","position":3,"name":"Rauhoitusalueet"}]},{"@type":"WebSite","@id":"https:\/\/www.alavudenmetsastysseura.fi\/#website","url":"https:\/\/www.alavudenmetsastysseura.fi\/","name":"Alavuden Mets\u00e4stysseura","description":"Riistanhoitoa ja mets\u00e4styst\u00e4 vuodesta 1946","potentialAction":[{"@type":"SearchAction","target":{"@type":"EntryPoint","urlTemplate":"https:\/\/www.alavudenmetsastysseura.fi\/?s={search_term_string}"},"query-input":{"@type":"PropertyValueSpecification","valueRequired":true,"valueName":"search_term_string"}}],"inLanguage":"fi"}]}},"_links":{"self":[{"href":"https:\/\/www.alavudenmetsastysseura.fi\/index.php?rest_route=\/wp\/v2\/pages\/190","targetHints":{"allow":["GET"]}}],"collection":[{"href":"https:\/\/www.alavudenmetsastysseura.fi\/index.php?rest_route=\/wp\/v2\/pages"}],"about":[{"href":"https:\/\/www.alavudenmetsastysseura.fi\/index.php?rest_route=\/wp\/v2\/types\/page"}],"author":[{"embeddable":true,"href":"https:\/\/www.alavudenmetsastysseura.fi\/index.php?rest_route=\/wp\/v2\/users\/2"}],"replies":[{"embeddable":true,"href":"https:\/\/www.alavudenmetsastysseura.fi\/index.php?rest_route=%2Fwp%2Fv2%2Fcomments&post=190"}],"version-history":[{"count":9,"href":"https:\/\/www.alavudenmetsastysseura.fi\/index.php?rest_route=\/wp\/v2\/pages\/190\/revisions"}],"predecessor-version":[{"id":1418,"href":"https:\/\/www.alavudenmetsastysseura.fi\/index.php?rest_route=\/wp\/v2\/pages\/190\/revisions\/1418"}],"up":[{"embeddable":true,"href":"https:\/\/www.alavudenmetsastysseura.fi\/index.php?rest_route=\/wp\/v2\/pages\/70"}],"wp:attachment":[{"href":"https:\/\/www.alavudenmetsastysseura.fi\/index.php?rest_route=%2Fwp%2Fv2%2Fmedia&parent=190"}],"curies":[{"name":"wp","href":"https:\/\/api.w.org\/{rel}","templated":true}]}}