{"id":163,"date":"2020-02-04T13:28:03","date_gmt":"2020-02-04T11:28:03","guid":{"rendered":"http:\/\/testi.koiratuotteet.fi\/?page_id=163"},"modified":"2023-08-03T21:54:17","modified_gmt":"2023-08-03T18:54:17","slug":"maksut-2","status":"publish","type":"page","link":"https:\/\/www.alavudenmetsastysseura.fi\/?page_id=163","title":{"rendered":"Maksut"},"content":{"rendered":"\n<h5 class=\"wp-block-heading\"> J\u00e4senmaksut 2023<\/h5>\n\n\n\n<p><\/p>\n\n\n\n<ul class=\"wp-block-list\">\n<li>maanomistajat 20\u20ac<\/li>\n\n\n\n<li>perusj\u00e4senet 35\u20ac<\/li>\n\n\n\n<li>koej\u00e4senen kausikortti 35\u20ac<\/li>\n\n\n\n<li>liittymismaksu 100\u20ac <\/li>\n\n\n\n<li>vieraskortti 15\u20ac<\/li>\n\n\n\n<li>kausikortti 100\u20ac<\/li>\n<\/ul>\n\n\n\n<p>Vieraskorteilla on mahdollisuus osallistua my\u00f6s porukkajahteihin. Yhdell\u00e4 j\u00e4senell\u00e4 voi olla kerrallaan enint\u00e4\u00e4n kaksi vierasta. Is\u00e4nn\u00e4n on oltava koko ajan mukana jahdissa.  <\/p>\n\n\n\n<p>Pienpetomets\u00e4stykseen voidaan kirjoittaa vieraskortti veloituksetta (noudattaen seuran vierass\u00e4\u00e4nt\u00f6\u00e4). Is\u00e4nn\u00e4n on ehdottomasti oltava mukana jahdissa.<\/p>\n\n\n\n<p>Vieraskortit on lunastettava ehdottomasti ennen jahtia ja saatu saalis on pois is\u00e4nn\u00e4n kiinti\u00f6st\u00e4. Vieraskortin voit my\u00f6s maksaa seuran tillille. Sovi vieraskortista ensin johtokunnan j\u00e4senen kanssa ja maksa sen j\u00e4lkeen vieraskortti seuran tilille  <strong>FI37 5007 0020 1273 97<\/strong>. Viestiksi mets\u00e4stysp\u00e4iv\u00e4 is\u00e4nn\u00e4n ja vieraan nimi. Maksu tilille ennen mets\u00e4styksen alkua.<\/p>\n\n\n\n<p>Vieraskortti ei oikeuta kauriin ampumiseen. Kauriin yhteisjahteihin voi vieraskin osallistua esim. kutsuttuna koiramiehen\u00e4.<\/p>\n\n\n\n<p>Vieraskortteja myyv\u00e4t seuran&nbsp;<a href=\"https:\/\/www.alavudenmetsastysseura.fi\/?page_id=93\">johtokunnan j\u00e4senet<\/a>.<\/p>\n\n\n\n<p><a href=\"https:\/\/www.alavudenmetsastysseura.fi\/?page_id=20\">Kausikortit sihteerilt\u00e4.<\/a><\/p>\n\n\n\n<p><\/p>\n","protected":false},"excerpt":{"rendered":"<p>J\u00e4senmaksut 2023 Vieraskorteilla on mahdollisuus osallistua my\u00f6s porukkajahteihin. Yhdell\u00e4 j\u00e4senell\u00e4 voi olla kerrallaan enint\u00e4\u00e4n kaksi vierasta. Is\u00e4nn\u00e4n on oltava koko ajan mukana jahdissa. Pienpetomets\u00e4stykseen voidaan kirjoittaa vieraskortti veloituksetta (noudattaen seuran vierass\u00e4\u00e4nt\u00f6\u00e4). Is\u00e4nn\u00e4n on ehdottomasti oltava mukana jahdissa. Vieraskortit on lunastettava ehdottomasti ennen jahtia ja saatu saalis on pois is\u00e4nn\u00e4n kiinti\u00f6st\u00e4. Vieraskortin voit my\u00f6s maksaa seuran &hellip; <\/p>\n<p class=\"link-more\"><a href=\"https:\/\/www.alavudenmetsastysseura.fi\/?page_id=163\" class=\"more-link\">Jatka lukemista<span class=\"screen-reader-text\"> &#8221;Maksut&#8221;<\/span><\/a><\/p>\n","protected":false},"author":2,"featured_media":0,"parent":70,"menu_order":2,"comment_status":"closed","ping_status":"closed","template":"","meta":{"footnotes":""},"class_list":["post-163","page","type-page","status-publish","hentry"],"yoast_head":"<!-- This site is optimized with the Yoast SEO plugin v26.9 - https:\/\/yoast.com\/product\/yoast-seo-wordpress\/ -->\n<title>Alavuden Mets\u00e4stysseura - Maksut - Alavuden Mets\u00e4stysseura<\/title>\n<meta name=\"description\" content=\"Alavuden mets\u00e4stysseura. Riistanhoitoa ja mets\u00e4styst\u00e4 vuodesta 1946. Tervetuloa Alavuden mets\u00e4stysseuran kotisivuille. Hae j\u00e4seneksi.\" \/>\n<meta name=\"robots\" content=\"index, follow, max-snippet:-1, max-image-preview:large, max-video-preview:-1\" \/>\n<link rel=\"canonical\" href=\"https:\/\/www.alavudenmetsastysseura.fi\/?page_id=163\" \/>\n<meta property=\"og:locale\" content=\"fi_FI\" \/>\n<meta property=\"og:type\" content=\"article\" \/>\n<meta property=\"og:title\" content=\"Alavuden Mets\u00e4stysseura - Maksut - Alavuden Mets\u00e4stysseura\" \/>\n<meta property=\"og:description\" content=\"Alavuden mets\u00e4stysseura. Riistanhoitoa ja mets\u00e4styst\u00e4 vuodesta 1946. Tervetuloa Alavuden mets\u00e4stysseuran kotisivuille. Hae j\u00e4seneksi.\" \/>\n<meta property=\"og:url\" content=\"https:\/\/www.alavudenmetsastysseura.fi\/?page_id=163\" \/>\n<meta property=\"og:site_name\" content=\"Alavuden Mets\u00e4stysseura\" \/>\n<meta property=\"article:modified_time\" content=\"2023-08-03T18:54:17+00:00\" \/>\n<meta name=\"twitter:card\" content=\"summary_large_image\" \/>\n<meta name=\"twitter:label1\" content=\"Arvioitu lukuaika\" \/>\n\t<meta name=\"twitter:data1\" content=\"1 minuutti\" \/>\n<script type=\"application\/ld+json\" class=\"yoast-schema-graph\">{\"@context\":\"https:\/\/schema.org\",\"@graph\":[{\"@type\":\"WebPage\",\"@id\":\"https:\/\/www.alavudenmetsastysseura.fi\/?page_id=163\",\"url\":\"https:\/\/www.alavudenmetsastysseura.fi\/?page_id=163\",\"name\":\"Alavuden Mets\u00e4stysseura - Maksut - Alavuden Mets\u00e4stysseura\",\"isPartOf\":{\"@id\":\"https:\/\/www.alavudenmetsastysseura.fi\/#website\"},\"datePublished\":\"2020-02-04T11:28:03+00:00\",\"dateModified\":\"2023-08-03T18:54:17+00:00\",\"description\":\"Alavuden mets\u00e4stysseura. Riistanhoitoa ja mets\u00e4styst\u00e4 vuodesta 1946. Tervetuloa Alavuden mets\u00e4stysseuran kotisivuille. Hae j\u00e4seneksi.\",\"breadcrumb\":{\"@id\":\"https:\/\/www.alavudenmetsastysseura.fi\/?page_id=163#breadcrumb\"},\"inLanguage\":\"fi\",\"potentialAction\":[{\"@type\":\"ReadAction\",\"target\":[\"https:\/\/www.alavudenmetsastysseura.fi\/?page_id=163\"]}]},{\"@type\":\"BreadcrumbList\",\"@id\":\"https:\/\/www.alavudenmetsastysseura.fi\/?page_id=163#breadcrumb\",\"itemListElement\":[{\"@type\":\"ListItem\",\"position\":1,\"name\":\"Home\",\"item\":\"https:\/\/www.alavudenmetsastysseura.fi\/\"},{\"@type\":\"ListItem\",\"position\":2,\"name\":\"J\u00e4senille\",\"item\":\"https:\/\/www.alavudenmetsastysseura.fi\/?page_id=70\"},{\"@type\":\"ListItem\",\"position\":3,\"name\":\"Maksut\"}]},{\"@type\":\"WebSite\",\"@id\":\"https:\/\/www.alavudenmetsastysseura.fi\/#website\",\"url\":\"https:\/\/www.alavudenmetsastysseura.fi\/\",\"name\":\"Alavuden Mets\u00e4stysseura\",\"description\":\"Riistanhoitoa ja mets\u00e4styst\u00e4 vuodesta 1946\",\"potentialAction\":[{\"@type\":\"SearchAction\",\"target\":{\"@type\":\"EntryPoint\",\"urlTemplate\":\"https:\/\/www.alavudenmetsastysseura.fi\/?s={search_term_string}\"},\"query-input\":{\"@type\":\"PropertyValueSpecification\",\"valueRequired\":true,\"valueName\":\"search_term_string\"}}],\"inLanguage\":\"fi\"}]}<\/script>\n<!-- \/ Yoast SEO plugin. -->","yoast_head_json":{"title":"Alavuden Mets\u00e4stysseura - Maksut - Alavuden Mets\u00e4stysseura","description":"Alavuden mets\u00e4stysseura. Riistanhoitoa ja mets\u00e4styst\u00e4 vuodesta 1946. Tervetuloa Alavuden mets\u00e4stysseuran kotisivuille. Hae j\u00e4seneksi.","robots":{"index":"index","follow":"follow","max-snippet":"max-snippet:-1","max-image-preview":"max-image-preview:large","max-video-preview":"max-video-preview:-1"},"canonical":"https:\/\/www.alavudenmetsastysseura.fi\/?page_id=163","og_locale":"fi_FI","og_type":"article","og_title":"Alavuden Mets\u00e4stysseura - Maksut - Alavuden Mets\u00e4stysseura","og_description":"Alavuden mets\u00e4stysseura. Riistanhoitoa ja mets\u00e4styst\u00e4 vuodesta 1946. Tervetuloa Alavuden mets\u00e4stysseuran kotisivuille. Hae j\u00e4seneksi.","og_url":"https:\/\/www.alavudenmetsastysseura.fi\/?page_id=163","og_site_name":"Alavuden Mets\u00e4stysseura","article_modified_time":"2023-08-03T18:54:17+00:00","twitter_card":"summary_large_image","twitter_misc":{"Arvioitu lukuaika":"1 minuutti"},"schema":{"@context":"https:\/\/schema.org","@graph":[{"@type":"WebPage","@id":"https:\/\/www.alavudenmetsastysseura.fi\/?page_id=163","url":"https:\/\/www.alavudenmetsastysseura.fi\/?page_id=163","name":"Alavuden Mets\u00e4stysseura - Maksut - Alavuden Mets\u00e4stysseura","isPartOf":{"@id":"https:\/\/www.alavudenmetsastysseura.fi\/#website"},"datePublished":"2020-02-04T11:28:03+00:00","dateModified":"2023-08-03T18:54:17+00:00","description":"Alavuden mets\u00e4stysseura. Riistanhoitoa ja mets\u00e4styst\u00e4 vuodesta 1946. Tervetuloa Alavuden mets\u00e4stysseuran kotisivuille. Hae j\u00e4seneksi.","breadcrumb":{"@id":"https:\/\/www.alavudenmetsastysseura.fi\/?page_id=163#breadcrumb"},"inLanguage":"fi","potentialAction":[{"@type":"ReadAction","target":["https:\/\/www.alavudenmetsastysseura.fi\/?page_id=163"]}]},{"@type":"BreadcrumbList","@id":"https:\/\/www.alavudenmetsastysseura.fi\/?page_id=163#breadcrumb","itemListElement":[{"@type":"ListItem","position":1,"name":"Home","item":"https:\/\/www.alavudenmetsastysseura.fi\/"},{"@type":"ListItem","position":2,"name":"J\u00e4senille","item":"https:\/\/www.alavudenmetsastysseura.fi\/?page_id=70"},{"@type":"ListItem","position":3,"name":"Maksut"}]},{"@type":"WebSite","@id":"https:\/\/www.alavudenmetsastysseura.fi\/#website","url":"https:\/\/www.alavudenmetsastysseura.fi\/","name":"Alavuden Mets\u00e4stysseura","description":"Riistanhoitoa ja mets\u00e4styst\u00e4 vuodesta 1946","potentialAction":[{"@type":"SearchAction","target":{"@type":"EntryPoint","urlTemplate":"https:\/\/www.alavudenmetsastysseura.fi\/?s={search_term_string}"},"query-input":{"@type":"PropertyValueSpecification","valueRequired":true,"valueName":"search_term_string"}}],"inLanguage":"fi"}]}},"_links":{"self":[{"href":"https:\/\/www.alavudenmetsastysseura.fi\/index.php?rest_route=\/wp\/v2\/pages\/163","targetHints":{"allow":["GET"]}}],"collection":[{"href":"https:\/\/www.alavudenmetsastysseura.fi\/index.php?rest_route=\/wp\/v2\/pages"}],"about":[{"href":"https:\/\/www.alavudenmetsastysseura.fi\/index.php?rest_route=\/wp\/v2\/types\/page"}],"author":[{"embeddable":true,"href":"https:\/\/www.alavudenmetsastysseura.fi\/index.php?rest_route=\/wp\/v2\/users\/2"}],"replies":[{"embeddable":true,"href":"https:\/\/www.alavudenmetsastysseura.fi\/index.php?rest_route=%2Fwp%2Fv2%2Fcomments&post=163"}],"version-history":[{"count":13,"href":"https:\/\/www.alavudenmetsastysseura.fi\/index.php?rest_route=\/wp\/v2\/pages\/163\/revisions"}],"predecessor-version":[{"id":1113,"href":"https:\/\/www.alavudenmetsastysseura.fi\/index.php?rest_route=\/wp\/v2\/pages\/163\/revisions\/1113"}],"up":[{"embeddable":true,"href":"https:\/\/www.alavudenmetsastysseura.fi\/index.php?rest_route=\/wp\/v2\/pages\/70"}],"wp:attachment":[{"href":"https:\/\/www.alavudenmetsastysseura.fi\/index.php?rest_route=%2Fwp%2Fv2%2Fmedia&parent=163"}],"curies":[{"name":"wp","href":"https:\/\/api.w.org\/{rel}","templated":true}]}}