{"id":1424,"date":"2025-08-08T11:34:53","date_gmt":"2025-08-08T08:34:53","guid":{"rendered":"https:\/\/www.alavudenmetsastysseura.fi\/?page_id=1424"},"modified":"2026-02-05T21:56:53","modified_gmt":"2026-02-05T19:56:53","slug":"kevat-ja-vuosikokoukset","status":"publish","type":"page","link":"https:\/\/www.alavudenmetsastysseura.fi\/?page_id=1424","title":{"rendered":"Kes\u00e4- ja vuosikokoukset"},"content":{"rendered":"\n<p><\/p>\n\n\n\n<ul class=\"wp-block-list\">\n<li><a href=\"https:\/\/www.alavudenmetsastysseura.fi\/wp-content\/uploads\/2026\/02\/Vuosikokous-2026-poytakirja-liitteineen.pdf\" type=\"attachment\" id=\"1527\" target=\"_blank\" rel=\"noreferrer noopener\">Vuosikokous 2026<\/a><\/li>\n\n\n\n<li><a href=\"https:\/\/www.alavudenmetsastysseura.fi\/wp-content\/uploads\/2025\/08\/Kesakokous-2025-poytakirja-1.pdf\" target=\"_blank\" rel=\"noreferrer noopener\">Kes\u00e4kokous 2025 <\/a><\/li>\n\n\n\n<li><a href=\"https:\/\/www.alavudenmetsastysseura.fi\/wp-content\/uploads\/2025\/02\/Vuosikokous-2025-poytakirja-liitteineen.pdf\" target=\"_blank\" rel=\"noreferrer noopener\">Vuosikokous 2025<\/a><\/li>\n\n\n\n<li><a href=\"https:\/\/www.alavudenmetsastysseura.fi\/wp-content\/uploads\/2024\/08\/Kesakokous-2024-poytakirja_.pdf\" target=\"_blank\" rel=\"noreferrer noopener\">Kes\u00e4kokous 2024<\/a><\/li>\n\n\n\n<li><a href=\"https:\/\/www.alavudenmetsastysseura.fi\/wp-content\/uploads\/2024\/02\/Vuosikokouksen-2024-poytakirja-liitteineen.pdf\" target=\"_blank\" rel=\"noreferrer noopener\">Vuosikokous 2024<\/a><\/li>\n\n\n\n<li><a href=\"https:\/\/www.alavudenmetsastysseura.fi\/wp-content\/uploads\/2023\/08\/Kesakokous-2023-poytakirja_.pdf\" target=\"_blank\" rel=\"noreferrer noopener\">Kes\u00e4kokous 2023<\/a><\/li>\n\n\n\n<li><a href=\"https:\/\/www.alavudenmetsastysseura.fi\/wp-content\/uploads\/2023\/02\/Vuosikokous-2023-poytakirja-liitteineen10174.pdf\" target=\"_blank\" rel=\"noreferrer noopener\">Vuosikokous 2023<\/a><\/li>\n\n\n\n<li><a href=\"https:\/\/www.alavudenmetsastysseura.fi\/wp-content\/uploads\/2022\/08\/Kesakokous-2022-poytakirja.docx7960.pdf\" target=\"_blank\" rel=\"noreferrer noopener\">Kes\u00e4kokous 2022<\/a><\/li>\n\n\n\n<li><a href=\"https:\/\/www.alavudenmetsastysseura.fi\/wp-content\/uploads\/2022\/03\/Vuosikokous-2022-poytakirja-liitteineen.pdf\" target=\"_blank\" rel=\"noreferrer noopener\">Vuosikokous 2022<\/a><\/li>\n\n\n\n<li><a href=\"https:\/\/www.alavudenmetsastysseura.fi\/wp-content\/uploads\/2021\/08\/Kesakokous-2021-poytakirja.pdf\" target=\"_blank\" rel=\"noreferrer noopener\">Kes\u00e4kokous 2021<\/a><\/li>\n\n\n\n<li><a href=\"https:\/\/www.alavudenmetsastysseura.fi\/wp-content\/uploads\/2021\/04\/Vuosikokous-2021-poytakirja.pdf\" target=\"_blank\" rel=\"noreferrer noopener\">Vuosikokous 2021<\/a><\/li>\n\n\n\n<li><a href=\"https:\/\/www.alavudenmetsastysseura.fi\/wp-content\/uploads\/2020\/08\/Kes\u00e4kokous-2020-.pdf\" target=\"_blank\" rel=\"noreferrer noopener\">Kes\u00e4kokous 2020<\/a><\/li>\n\n\n\n<li><a href=\"https:\/\/www.alavudenmetsastysseura.fi\/wp-content\/uploads\/2020\/02\/Vuosikokouksen-2020-p\u00f6yt\u00e4kirja-liitteeineen.pdf\" target=\"_blank\" rel=\"noreferrer noopener\">Vuosikokous 2020<\/a><\/li>\n<\/ul>\n","protected":false},"excerpt":{"rendered":"","protected":false},"author":2,"featured_media":0,"parent":0,"menu_order":0,"comment_status":"closed","ping_status":"closed","template":"","meta":{"footnotes":""},"class_list":["post-1424","page","type-page","status-publish","hentry"],"yoast_head":"<!-- This site is optimized with the Yoast SEO plugin v26.9 - https:\/\/yoast.com\/product\/yoast-seo-wordpress\/ -->\n<title>Kes\u00e4- ja vuosikokoukset - Alavuden Mets\u00e4stysseura<\/title>\n<meta name=\"robots\" content=\"index, follow, max-snippet:-1, max-image-preview:large, max-video-preview:-1\" \/>\n<link rel=\"canonical\" href=\"https:\/\/www.alavudenmetsastysseura.fi\/?page_id=1424\" \/>\n<meta property=\"og:locale\" content=\"fi_FI\" \/>\n<meta property=\"og:type\" content=\"article\" \/>\n<meta property=\"og:title\" content=\"Kes\u00e4- ja vuosikokoukset - Alavuden Mets\u00e4stysseura\" \/>\n<meta property=\"og:url\" content=\"https:\/\/www.alavudenmetsastysseura.fi\/?page_id=1424\" \/>\n<meta property=\"og:site_name\" content=\"Alavuden Mets\u00e4stysseura\" \/>\n<meta property=\"article:modified_time\" content=\"2026-02-05T19:56:53+00:00\" \/>\n<meta name=\"twitter:card\" content=\"summary_large_image\" \/>\n<meta name=\"twitter:label1\" content=\"Arvioitu lukuaika\" \/>\n\t<meta name=\"twitter:data1\" content=\"1 minuutti\" \/>\n<script type=\"application\/ld+json\" class=\"yoast-schema-graph\">{\"@context\":\"https:\/\/schema.org\",\"@graph\":[{\"@type\":\"WebPage\",\"@id\":\"https:\/\/www.alavudenmetsastysseura.fi\/?page_id=1424\",\"url\":\"https:\/\/www.alavudenmetsastysseura.fi\/?page_id=1424\",\"name\":\"Kes\u00e4- ja vuosikokoukset - Alavuden Mets\u00e4stysseura\",\"isPartOf\":{\"@id\":\"https:\/\/www.alavudenmetsastysseura.fi\/#website\"},\"datePublished\":\"2025-08-08T08:34:53+00:00\",\"dateModified\":\"2026-02-05T19:56:53+00:00\",\"breadcrumb\":{\"@id\":\"https:\/\/www.alavudenmetsastysseura.fi\/?page_id=1424#breadcrumb\"},\"inLanguage\":\"fi\",\"potentialAction\":[{\"@type\":\"ReadAction\",\"target\":[\"https:\/\/www.alavudenmetsastysseura.fi\/?page_id=1424\"]}]},{\"@type\":\"BreadcrumbList\",\"@id\":\"https:\/\/www.alavudenmetsastysseura.fi\/?page_id=1424#breadcrumb\",\"itemListElement\":[{\"@type\":\"ListItem\",\"position\":1,\"name\":\"Home\",\"item\":\"https:\/\/www.alavudenmetsastysseura.fi\/\"},{\"@type\":\"ListItem\",\"position\":2,\"name\":\"Kes\u00e4- ja vuosikokoukset\"}]},{\"@type\":\"WebSite\",\"@id\":\"https:\/\/www.alavudenmetsastysseura.fi\/#website\",\"url\":\"https:\/\/www.alavudenmetsastysseura.fi\/\",\"name\":\"Alavuden Mets\u00e4stysseura\",\"description\":\"Riistanhoitoa ja mets\u00e4styst\u00e4 vuodesta 1946\",\"potentialAction\":[{\"@type\":\"SearchAction\",\"target\":{\"@type\":\"EntryPoint\",\"urlTemplate\":\"https:\/\/www.alavudenmetsastysseura.fi\/?s={search_term_string}\"},\"query-input\":{\"@type\":\"PropertyValueSpecification\",\"valueRequired\":true,\"valueName\":\"search_term_string\"}}],\"inLanguage\":\"fi\"}]}<\/script>\n<!-- \/ Yoast SEO plugin. -->","yoast_head_json":{"title":"Kes\u00e4- ja vuosikokoukset - Alavuden Mets\u00e4stysseura","robots":{"index":"index","follow":"follow","max-snippet":"max-snippet:-1","max-image-preview":"max-image-preview:large","max-video-preview":"max-video-preview:-1"},"canonical":"https:\/\/www.alavudenmetsastysseura.fi\/?page_id=1424","og_locale":"fi_FI","og_type":"article","og_title":"Kes\u00e4- ja vuosikokoukset - Alavuden Mets\u00e4stysseura","og_url":"https:\/\/www.alavudenmetsastysseura.fi\/?page_id=1424","og_site_name":"Alavuden Mets\u00e4stysseura","article_modified_time":"2026-02-05T19:56:53+00:00","twitter_card":"summary_large_image","twitter_misc":{"Arvioitu lukuaika":"1 minuutti"},"schema":{"@context":"https:\/\/schema.org","@graph":[{"@type":"WebPage","@id":"https:\/\/www.alavudenmetsastysseura.fi\/?page_id=1424","url":"https:\/\/www.alavudenmetsastysseura.fi\/?page_id=1424","name":"Kes\u00e4- ja vuosikokoukset - Alavuden Mets\u00e4stysseura","isPartOf":{"@id":"https:\/\/www.alavudenmetsastysseura.fi\/#website"},"datePublished":"2025-08-08T08:34:53+00:00","dateModified":"2026-02-05T19:56:53+00:00","breadcrumb":{"@id":"https:\/\/www.alavudenmetsastysseura.fi\/?page_id=1424#breadcrumb"},"inLanguage":"fi","potentialAction":[{"@type":"ReadAction","target":["https:\/\/www.alavudenmetsastysseura.fi\/?page_id=1424"]}]},{"@type":"BreadcrumbList","@id":"https:\/\/www.alavudenmetsastysseura.fi\/?page_id=1424#breadcrumb","itemListElement":[{"@type":"ListItem","position":1,"name":"Home","item":"https:\/\/www.alavudenmetsastysseura.fi\/"},{"@type":"ListItem","position":2,"name":"Kes\u00e4- ja vuosikokoukset"}]},{"@type":"WebSite","@id":"https:\/\/www.alavudenmetsastysseura.fi\/#website","url":"https:\/\/www.alavudenmetsastysseura.fi\/","name":"Alavuden Mets\u00e4stysseura","description":"Riistanhoitoa ja mets\u00e4styst\u00e4 vuodesta 1946","potentialAction":[{"@type":"SearchAction","target":{"@type":"EntryPoint","urlTemplate":"https:\/\/www.alavudenmetsastysseura.fi\/?s={search_term_string}"},"query-input":{"@type":"PropertyValueSpecification","valueRequired":true,"valueName":"search_term_string"}}],"inLanguage":"fi"}]}},"_links":{"self":[{"href":"https:\/\/www.alavudenmetsastysseura.fi\/index.php?rest_route=\/wp\/v2\/pages\/1424","targetHints":{"allow":["GET"]}}],"collection":[{"href":"https:\/\/www.alavudenmetsastysseura.fi\/index.php?rest_route=\/wp\/v2\/pages"}],"about":[{"href":"https:\/\/www.alavudenmetsastysseura.fi\/index.php?rest_route=\/wp\/v2\/types\/page"}],"author":[{"embeddable":true,"href":"https:\/\/www.alavudenmetsastysseura.fi\/index.php?rest_route=\/wp\/v2\/users\/2"}],"replies":[{"embeddable":true,"href":"https:\/\/www.alavudenmetsastysseura.fi\/index.php?rest_route=%2Fwp%2Fv2%2Fcomments&post=1424"}],"version-history":[{"count":4,"href":"https:\/\/www.alavudenmetsastysseura.fi\/index.php?rest_route=\/wp\/v2\/pages\/1424\/revisions"}],"predecessor-version":[{"id":1528,"href":"https:\/\/www.alavudenmetsastysseura.fi\/index.php?rest_route=\/wp\/v2\/pages\/1424\/revisions\/1528"}],"wp:attachment":[{"href":"https:\/\/www.alavudenmetsastysseura.fi\/index.php?rest_route=%2Fwp%2Fv2%2Fmedia&parent=1424"}],"curies":[{"name":"wp","href":"https:\/\/api.w.org\/{rel}","templated":true}]}}